{"id":4887,"date":"2023-08-22T17:41:23","date_gmt":"2023-08-22T16:41:23","guid":{"rendered":"https:\/\/www.tregroeswaffles.co.uk\/our-products\/"},"modified":"2024-05-31T15:15:32","modified_gmt":"2024-05-31T14:15:32","slug":"our-products","status":"publish","type":"page","link":"https:\/\/www.tregroeswaffles.co.uk\/cy\/our-products\/","title":{"rendered":"Cynnyrch"},"content":{"rendered":"\n<div class=\"wp-block-cover alignfull is-light full-height is-style-parallax-cover my-0\" style=\"padding-top:var(--wp--preset--spacing--35);padding-bottom:var(--wp--preset--spacing--35)\"><span aria-hidden=\"true\" class=\"wp-block-cover__background has-background-dim-0 has-background-dim\"><\/span><img loading=\"lazy\" decoding=\"async\" width=\"2000\" height=\"1114\" class=\"wp-block-cover__image-background wp-image-361\" alt=\"\" src=\"https:\/\/www.tregroeswaffles.co.uk\/app\/uploads\/2024\/02\/waffle-on-white.png\" style=\"object-position:0% 49%\" data-object-fit=\"cover\" data-object-position=\"0% 49%\" srcset=\"https:\/\/www.tregroeswaffles.co.uk\/app\/uploads\/2024\/02\/waffle-on-white.png 2000w, https:\/\/www.tregroeswaffles.co.uk\/app\/uploads\/2024\/02\/waffle-on-white-300x167.png 300w, https:\/\/www.tregroeswaffles.co.uk\/app\/uploads\/2024\/02\/waffle-on-white-1024x570.png 1024w, https:\/\/www.tregroeswaffles.co.uk\/app\/uploads\/2024\/02\/waffle-on-white-768x428.png 768w, https:\/\/www.tregroeswaffles.co.uk\/app\/uploads\/2024\/02\/waffle-on-white-1536x856.png 1536w, https:\/\/www.tregroeswaffles.co.uk\/app\/uploads\/2024\/02\/waffle-on-white-600x334.png 600w\" sizes=\"(max-width: 2000px) 100vw, 2000px\" \/><div class=\"wp-block-cover__inner-container is-layout-constrained wp-block-cover-is-layout-constrained\">\n<div class=\"wp-block-columns are-vertically-aligned-center is-layout-flex wp-container-core-columns-is-layout-1 wp-block-columns-is-layout-flex\">\n<div class=\"wp-block-column is-vertically-aligned-center is-layout-flow wp-block-column-is-layout-flow\" style=\"flex-basis:50%\">\n<h2 class=\"wp-block-heading mb-lg-5 fade-up has-primary-color has-text-color has-xl-font-size\" style=\"font-style:normal;font-weight:700\">CYNNYRCH<\/h2>\n\n\n\n<p class=\"fade-up has-medium-font-size\"><strong>Dewch allan o\u2019ch rhigol.<\/strong><\/p>\n\n\n\n<p class=\"fade-up has-medium-font-size\">Os mai waffls traddodiadol sydd at eich dant, bydd ein waffl caramel yn si\u0175r o blesio, c\u00e2nt eu gwneud \u00e2 menyn iawn a sinamon.<br>Cynheswch un ar ben eich paned i feddalu\u2019r canol ac i ryddhau\u2019r aroglau hyfryd.<\/p>\n\n\n\n<p class=\"fade-up has-medium-font-size\">Neu rhowch gynnig ar un o\u2019n waffls siocled bendigedig.<\/p>\n\n\n\n<p class=\"fade-up has-medium-font-size\">Mae gennym hefyd ddewis o waffls sawrus, i\u2019w bwyta \u00e2 chaws neu\u2019n blaen. Dewiswch naill ai\u2019r rhai Sawrus, <em>Rustic<\/em>, neu flas Cheddar aeddfed.<\/p>\n\n\n\n<p class=\"fade-up mb-lg-5 has-medium-font-size\">Fydd cracers arferol byth yn gwneud y tro ar \u00f4l blasu\u2019r rhain!<\/p>\n\n\n\n<p class=\"has-md-font-size\"><a href=\"https:\/\/www.tregroeswaffles.co.uk\/cy\/siop\/\" data-type=\"page\" data-id=\"462\">SIOPA NAWR<\/a><\/p>\n<\/div>\n\n\n\n<div class=\"wp-block-column is-vertically-aligned-center is-layout-flow wp-block-column-is-layout-flow\" style=\"flex-basis:40%\">\n<figure class=\"wp-block-image size-full  slide-reveal\"><img loading=\"lazy\" decoding=\"async\" width=\"634\" height=\"636\" src=\"https:\/\/www.tregroeswaffles.co.uk\/app\/uploads\/2024\/04\/cycling-packet-min.jpg\" alt=\"\" class=\"wp-image-1404\" srcset=\"https:\/\/www.tregroeswaffles.co.uk\/app\/uploads\/2024\/04\/cycling-packet-min.jpg 634w, https:\/\/www.tregroeswaffles.co.uk\/app\/uploads\/2024\/04\/cycling-packet-min-300x300.jpg 300w, https:\/\/www.tregroeswaffles.co.uk\/app\/uploads\/2024\/04\/cycling-packet-min-150x150.jpg 150w, https:\/\/www.tregroeswaffles.co.uk\/app\/uploads\/2024\/04\/cycling-packet-min-600x602.jpg 600w, https:\/\/www.tregroeswaffles.co.uk\/app\/uploads\/2024\/04\/cycling-packet-min-100x100.jpg 100w\" sizes=\"(max-width: 634px) 100vw, 634px\" \/><\/figure>\n<\/div>\n<\/div>\n<\/div><\/div>\n\n\n\n<div class=\"wp-block-cover alignfull full-height is-style-parallax-cover  vertical slide-reveal\"><span aria-hidden=\"true\" class=\"wp-block-cover__background has-background-dim-0 has-background-dim\"><\/span><img loading=\"lazy\" decoding=\"async\" width=\"2000\" height=\"1333\" class=\"wp-block-cover__image-background wp-image-4389\" alt=\"\" src=\"https:\/\/www.tregroeswaffles.co.uk\/app\/uploads\/2024\/04\/walking_mug_2-min-1-min.jpg\" style=\"object-position:47% 51%\" data-object-fit=\"cover\" data-object-position=\"47% 51%\" srcset=\"https:\/\/www.tregroeswaffles.co.uk\/app\/uploads\/2024\/04\/walking_mug_2-min-1-min.jpg 2000w, https:\/\/www.tregroeswaffles.co.uk\/app\/uploads\/2024\/04\/walking_mug_2-min-1-min-300x200.jpg 300w, https:\/\/www.tregroeswaffles.co.uk\/app\/uploads\/2024\/04\/walking_mug_2-min-1-min-1024x682.jpg 1024w, https:\/\/www.tregroeswaffles.co.uk\/app\/uploads\/2024\/04\/walking_mug_2-min-1-min-768x512.jpg 768w, https:\/\/www.tregroeswaffles.co.uk\/app\/uploads\/2024\/04\/walking_mug_2-min-1-min-1536x1024.jpg 1536w, https:\/\/www.tregroeswaffles.co.uk\/app\/uploads\/2024\/04\/walking_mug_2-min-1-min-600x400.jpg 600w\" sizes=\"(max-width: 2000px) 100vw, 2000px\" \/><div class=\"wp-block-cover__inner-container is-layout-constrained wp-block-cover-is-layout-constrained\">\n<p class=\"has-text-align-center has-large-font-size\"><\/p>\n<\/div><\/div>\n\n\n\n<div class=\"wp-block-cover alignfull is-light is-style-parallax-cover full-height\" style=\"padding-top:var(--wp--preset--spacing--35);padding-bottom:var(--wp--preset--spacing--35)\"><span aria-hidden=\"true\" class=\"wp-block-cover__background has-background-dim-0 has-background-dim\"><\/span><img loading=\"lazy\" decoding=\"async\" width=\"2560\" height=\"1283\" class=\"wp-block-cover__image-background wp-image-295\" alt=\"\" src=\"https:\/\/www.tregroeswaffles.co.uk\/app\/uploads\/2024\/02\/groove-bg-scaled.jpg\" data-object-fit=\"cover\" srcset=\"https:\/\/www.tregroeswaffles.co.uk\/app\/uploads\/2024\/02\/groove-bg-scaled.jpg 2560w, https:\/\/www.tregroeswaffles.co.uk\/app\/uploads\/2024\/02\/groove-bg-300x150.jpg 300w, https:\/\/www.tregroeswaffles.co.uk\/app\/uploads\/2024\/02\/groove-bg-1024x513.jpg 1024w, https:\/\/www.tregroeswaffles.co.uk\/app\/uploads\/2024\/02\/groove-bg-768x385.jpg 768w, https:\/\/www.tregroeswaffles.co.uk\/app\/uploads\/2024\/02\/groove-bg-1536x770.jpg 1536w, https:\/\/www.tregroeswaffles.co.uk\/app\/uploads\/2024\/02\/groove-bg-2048x1027.jpg 2048w, https:\/\/www.tregroeswaffles.co.uk\/app\/uploads\/2024\/02\/groove-bg-600x301.jpg 600w\" sizes=\"(max-width: 2560px) 100vw, 2560px\" \/><div class=\"wp-block-cover__inner-container is-layout-constrained wp-block-cover-is-layout-constrained\">\n<h1 class=\"wp-block-heading has-text-align-center mb-4 fade-up has-xl-font-size\" style=\"font-style:normal;font-weight:600\">WAFFLS A CHRACERS TREGROES<\/h1>\n\n\n\n<div class=\"wp-block-columns mb-4 is-layout-flex wp-container-core-columns-is-layout-2 wp-block-columns-is-layout-flex\">\n<div class=\"wp-block-column is-layout-flow wp-block-column-is-layout-flow\"><div class=\"wp-block-product-card is-style-small card rounded-0 wp-block-product-card--original py-5\">\n        <img decoding=\"async\" src=\"https:\/\/www.tregroeswaffles.co.uk\/app\/themes\/tregroes\/public\/images\/waffles\/original.5b614b.png\"\n        class=\"img-fluid w-100\" \/>\n        <h3 class=\"text-center\">\n        <a class=\"stretched-link text-decoration-none text-white fs-2 text-uppercase\" href=\"https:\/\/www.tregroeswaffles.co.uk\/cy\/product\/waffls-caramel-blwch-o-8-pecyn\/\">\n            GWREIDDIOL\n        <\/a>\n    <\/h3>\n<\/div>\n<\/div>\n\n\n\n<div class=\"wp-block-column is-layout-flow wp-block-column-is-layout-flow\"><div class=\"wp-block-product-card is-style-small card rounded-0 wp-block-product-card--milk-choc py-5\">\n        <img decoding=\"async\" src=\"https:\/\/www.tregroeswaffles.co.uk\/app\/themes\/tregroes\/public\/images\/waffles\/milk-choc.e3e015.png\"\n        class=\"img-fluid w-100\" \/>\n        <h3 class=\"text-center\">\n        <a class=\"stretched-link text-decoration-none text-white fs-2 text-uppercase\" href=\"https:\/\/www.tregroeswaffles.co.uk\/cy\/product\/waffls-siocled-llaeth-pecyn-o-6\/\">\n            SIOCLED\n        <\/a>\n    <\/h3>\n<\/div>\n<\/div>\n\n\n\n<div class=\"wp-block-column is-layout-flow wp-block-column-is-layout-flow\"><div class=\"wp-block-product-card is-style-small card rounded-0 wp-block-product-card--dark-choc py-5\">\n        <img decoding=\"async\" src=\"https:\/\/www.tregroeswaffles.co.uk\/app\/themes\/tregroes\/public\/images\/waffles\/dark-choc.ba1b38.png\"\n        class=\"img-fluid w-100\" \/>\n        <h3 class=\"text-center\">\n        <a class=\"stretched-link text-decoration-none text-white fs-2 text-uppercase\" href=\"https:\/\/www.tregroeswaffles.co.uk\/cy\/product\/waffls-siocled-tywyll-blwch-o-6-phecyn\/\">\n            SIOCLED TYWYLL\n        <\/a>\n    <\/h3>\n<\/div>\n<\/div>\n<\/div>\n\n\n\n<div class=\"wp-block-columns is-layout-flex wp-container-core-columns-is-layout-3 wp-block-columns-is-layout-flex\">\n<div class=\"wp-block-column is-layout-flow wp-block-column-is-layout-flow\"><div class=\"wp-block-product-card is-style-small card rounded-0 wp-block-product-card--savoury py-5\">\n        <img decoding=\"async\" src=\"https:\/\/www.tregroeswaffles.co.uk\/app\/themes\/tregroes\/public\/images\/waffles\/savoury.b7df78.png\"\n        class=\"img-fluid w-100\" \/>\n        <h3 class=\"text-center\">\n        <a class=\"stretched-link text-decoration-none text-white fs-2 text-uppercase\" href=\"https:\/\/www.tregroeswaffles.co.uk\/cy\/product\/6-blwch-or-cracers-sawrus\/\">\n            SAWRUS\n        <\/a>\n    <\/h3>\n<\/div>\n<\/div>\n\n\n\n<div class=\"wp-block-column is-layout-flow wp-block-column-is-layout-flow\"><div class=\"wp-block-product-card is-style-small card rounded-0 wp-block-product-card--rustic py-5\">\n        <img decoding=\"async\" src=\"https:\/\/www.tregroeswaffles.co.uk\/app\/themes\/tregroes\/public\/images\/waffles\/rustic.b523b3.png\"\n        class=\"img-fluid w-100\" \/>\n        <h3 class=\"text-center\">\n        <a class=\"stretched-link text-decoration-none text-white fs-2 text-uppercase\" href=\"https:\/\/www.tregroeswaffles.co.uk\/cy\/product\/6-blwch-or-cracers-rustic\/\">\n            Rustic\n        <\/a>\n    <\/h3>\n<\/div>\n<\/div>\n\n\n\n<div class=\"wp-block-column is-layout-flow wp-block-column-is-layout-flow\"><div class=\"wp-block-product-card is-style-small card rounded-0 wp-block-product-card--cheddar py-5\">\n        <img decoding=\"async\" src=\"https:\/\/www.tregroeswaffles.co.uk\/app\/themes\/tregroes\/public\/images\/waffles\/cheddar.955935.png\"\n        class=\"img-fluid w-100\" \/>\n        <h3 class=\"text-center\">\n        <a class=\"stretched-link text-decoration-none text-white fs-2 text-uppercase\" href=\"https:\/\/www.tregroeswaffles.co.uk\/cy\/product\/6-blwch-or-cracers-caws\/\">\n            CHEDDAR AEDDFED\n        <\/a>\n    <\/h3>\n<\/div>\n<\/div>\n<\/div>\n<\/div><\/div>\n\n\n\n<div class=\"wp-block-cover alignfull full-height is-style-parallax-cover slide-reveal vertical\"><span aria-hidden=\"true\" class=\"wp-block-cover__background has-background-dim-0 has-background-dim\"><\/span><img loading=\"lazy\" decoding=\"async\" width=\"2156\" height=\"1348\" class=\"wp-block-cover__image-background wp-image-1398\" alt=\"\" src=\"https:\/\/www.tregroeswaffles.co.uk\/app\/uploads\/2024\/04\/prod-crackers-min.jpg\" data-object-fit=\"cover\" srcset=\"https:\/\/www.tregroeswaffles.co.uk\/app\/uploads\/2024\/04\/prod-crackers-min.jpg 2156w, https:\/\/www.tregroeswaffles.co.uk\/app\/uploads\/2024\/04\/prod-crackers-min-300x188.jpg 300w, https:\/\/www.tregroeswaffles.co.uk\/app\/uploads\/2024\/04\/prod-crackers-min-1024x640.jpg 1024w, https:\/\/www.tregroeswaffles.co.uk\/app\/uploads\/2024\/04\/prod-crackers-min-768x480.jpg 768w, https:\/\/www.tregroeswaffles.co.uk\/app\/uploads\/2024\/04\/prod-crackers-min-1536x960.jpg 1536w, https:\/\/www.tregroeswaffles.co.uk\/app\/uploads\/2024\/04\/prod-crackers-min-2048x1280.jpg 2048w, https:\/\/www.tregroeswaffles.co.uk\/app\/uploads\/2024\/04\/prod-crackers-min-600x375.jpg 600w\" sizes=\"(max-width: 2156px) 100vw, 2156px\" \/><div class=\"wp-block-cover__inner-container is-layout-constrained wp-block-cover-is-layout-constrained\">\n<p class=\"has-text-align-center has-large-font-size\"><\/p>\n<\/div><\/div>\n\n\n\n<div class=\"wp-block-cover alignfull is-light full-height\" style=\"padding-top:var(--wp--preset--spacing--35);padding-bottom:var(--wp--preset--spacing--35)\"><span aria-hidden=\"true\" class=\"wp-block-cover__background has-white-background-color has-background-dim-0 has-background-dim\"><\/span><div class=\"wp-block-cover__inner-container is-layout-constrained wp-block-cover-is-layout-constrained\">\n<div id=\"where-to-buy\" class=\"wp-block-group py-5 is-layout-constrained wp-block-group-is-layout-constrained\">\n<h2 class=\"wp-block-heading has-text-align-center fade-up has-dark-color has-text-color has-xl-font-size\" style=\"padding-bottom:0\"><strong>BLE I&#8217;W PRYNU<\/strong><\/h2>\n\n\n\n<div style=\"height:10vh\" aria-hidden=\"true\" class=\"wp-block-spacer\"><\/div>\n\n\n<div class=\"swiper wp-block-slider pb-5 px-5 overflow-hidden \"\n    data-slides-per-view=\"3\" data-autoplay-speed=\"6000\"\n    data-slide-effect=\"slide\" data-slide-spacing=\"0\">\n    <div class=\"swiper-wrapper\">\n        \n<div class=\"wp-block-slide h-100 d-flex justify-content-center align-items-center swiper-slide\"\n        >\n        \n\n<figure class=\"wp-block-image aligncenter size-full is-resized mb-0\"><img decoding=\"async\" src=\"https:\/\/www.tregroeswaffles.co.uk\/app\/uploads\/2024\/02\/The_Co-Operative_clover_leaf_logo.svg\" alt=\"\" class=\"wp-image-320\" style=\"object-fit:contain;width:95px;height:101px\"\/><\/figure>\n\n\n    <\/div>\n\n\n<div class=\"wp-block-slide h-100 d-flex justify-content-center align-items-center swiper-slide\"\n        >\n        \n\n<figure class=\"wp-block-image aligncenter size-full is-resized mb-0\"><img decoding=\"async\" src=\"https:\/\/www.tregroeswaffles.co.uk\/app\/uploads\/2024\/02\/Tesco_Logo.svg\" alt=\"\" class=\"wp-image-318\" style=\"object-fit:contain;width:180px;height:52px\"\/><\/figure>\n\n\n    <\/div>\n\n\n<div class=\"wp-block-slide h-100 d-flex justify-content-center align-items-center swiper-slide\"\n        >\n        \n\n<figure class=\"wp-block-image aligncenter size-full is-resized mb-0\"><img decoding=\"async\" src=\"https:\/\/www.tregroeswaffles.co.uk\/app\/uploads\/2024\/02\/Wm_Morrison_Supermarkets_logo.svg\" alt=\"\" class=\"wp-image-319\" style=\"object-fit:contain;width:207px;height:106px\"\/><\/figure>\n\n\n    <\/div>\n\n\n<div class=\"wp-block-slide h-100 d-flex justify-content-center align-items-center swiper-slide\"\n        >\n        \n\n<figure class=\"wp-block-image aligncenter size-full is-resized mb-0\"><img loading=\"lazy\" decoding=\"async\" width=\"291\" height=\"173\" src=\"https:\/\/www.tregroeswaffles.co.uk\/app\/uploads\/2024\/04\/images.png\" alt=\"\" class=\"wp-image-3387\" style=\"width:165px;height:auto\"\/><\/figure>\n\n\n    <\/div>\n\n\n<div class=\"wp-block-slide h-100 d-flex justify-content-center align-items-center swiper-slide\"\n        >\n        \n\n<figure class=\"wp-block-image aligncenter size-full is-resized mb-0\"><img loading=\"lazy\" decoding=\"async\" width=\"2400\" height=\"656\" src=\"https:\/\/www.tregroeswaffles.co.uk\/app\/uploads\/2024\/04\/waitrose-logo-black-and-white.png\" alt=\"\" class=\"wp-image-3393\" style=\"width:245px;height:auto\" srcset=\"https:\/\/www.tregroeswaffles.co.uk\/app\/uploads\/2024\/04\/waitrose-logo-black-and-white.png 2400w, https:\/\/www.tregroeswaffles.co.uk\/app\/uploads\/2024\/04\/waitrose-logo-black-and-white-300x82.png 300w, https:\/\/www.tregroeswaffles.co.uk\/app\/uploads\/2024\/04\/waitrose-logo-black-and-white-1024x280.png 1024w, https:\/\/www.tregroeswaffles.co.uk\/app\/uploads\/2024\/04\/waitrose-logo-black-and-white-768x210.png 768w, https:\/\/www.tregroeswaffles.co.uk\/app\/uploads\/2024\/04\/waitrose-logo-black-and-white-1536x420.png 1536w, https:\/\/www.tregroeswaffles.co.uk\/app\/uploads\/2024\/04\/waitrose-logo-black-and-white-2048x560.png 2048w, https:\/\/www.tregroeswaffles.co.uk\/app\/uploads\/2024\/04\/waitrose-logo-black-and-white-600x164.png 600w\" sizes=\"(max-width: 2400px) 100vw, 2400px\" \/><\/figure>\n\n\n    <\/div>\n\n\n<div class=\"wp-block-slide h-100 d-flex justify-content-center align-items-center swiper-slide\"\n        >\n        \n\n<figure class=\"wp-block-image aligncenter size-full is-resized mb-0\"><img loading=\"lazy\" decoding=\"async\" width=\"1000\" height=\"430\" src=\"https:\/\/www.tregroeswaffles.co.uk\/app\/uploads\/2024\/04\/ASDA-Logo-2015.png\" alt=\"\" class=\"wp-image-3395\" style=\"width:205px;height:auto\" srcset=\"https:\/\/www.tregroeswaffles.co.uk\/app\/uploads\/2024\/04\/ASDA-Logo-2015.png 1000w, https:\/\/www.tregroeswaffles.co.uk\/app\/uploads\/2024\/04\/ASDA-Logo-2015-300x129.png 300w, https:\/\/www.tregroeswaffles.co.uk\/app\/uploads\/2024\/04\/ASDA-Logo-2015-768x330.png 768w, https:\/\/www.tregroeswaffles.co.uk\/app\/uploads\/2024\/04\/ASDA-Logo-2015-600x258.png 600w\" sizes=\"(max-width: 1000px) 100vw, 1000px\" \/><\/figure>\n\n\n    <\/div>\n\n\n<div class=\"wp-block-slide h-100 d-flex justify-content-center align-items-center swiper-slide\"\n        >\n        \n\n<figure class=\"wp-block-image aligncenter size-full is-resized mb-0\"><img loading=\"lazy\" decoding=\"async\" width=\"2070\" height=\"406\" src=\"https:\/\/www.tregroeswaffles.co.uk\/app\/uploads\/2024\/04\/Spar-logo.svg.png\" alt=\"\" class=\"wp-image-3397\" style=\"width:235px;height:auto\" srcset=\"https:\/\/www.tregroeswaffles.co.uk\/app\/uploads\/2024\/04\/Spar-logo.svg.png 2070w, https:\/\/www.tregroeswaffles.co.uk\/app\/uploads\/2024\/04\/Spar-logo.svg-300x59.png 300w, https:\/\/www.tregroeswaffles.co.uk\/app\/uploads\/2024\/04\/Spar-logo.svg-1024x201.png 1024w, https:\/\/www.tregroeswaffles.co.uk\/app\/uploads\/2024\/04\/Spar-logo.svg-768x151.png 768w, https:\/\/www.tregroeswaffles.co.uk\/app\/uploads\/2024\/04\/Spar-logo.svg-1536x301.png 1536w, https:\/\/www.tregroeswaffles.co.uk\/app\/uploads\/2024\/04\/Spar-logo.svg-2048x402.png 2048w, https:\/\/www.tregroeswaffles.co.uk\/app\/uploads\/2024\/04\/Spar-logo.svg-600x118.png 600w\" sizes=\"(max-width: 2070px) 100vw, 2070px\" \/><\/figure>\n\n\n    <\/div>\n\n\n    <\/div>\n            <div class=\"swiper-button-next\"><\/div>\n        <div class=\"swiper-button-prev\"><\/div>\n    \n    \n    <\/div>\n\n\n\n<div style=\"height:3vh\" aria-hidden=\"true\" class=\"wp-block-spacer\"><\/div>\n\n\n\n<p class=\"has-text-align-center mb-4 fade-up has-medium-font-size\">Mae Waffls Tregroes i\u2019w cael mewn archfarchnadoedd, delis, caffis, gwestai <em>boutique<\/em> a <em>B&amp;Bs<\/em> ar hyd a lled y wlad.<\/p>\n\n\n\n<p class=\"has-text-align-center mb-4 fade-up has-medium-font-size\">Ewch i un o\u2019r siopau sy\u2019n gwerthu ein cynnyrch neu <a href=\"https:\/\/www.tregroeswaffles.co.uk\/cy\/siop\/\" data-type=\"page\" data-id=\"4849\">PRYNWCH AR-LEIN<\/a> yn uniongyrchol o\u2019n becws.<\/p>\n\n\n\n<div style=\"height:5vh\" aria-hidden=\"true\" class=\"wp-block-spacer\"><\/div>\n\n\n\n<div class=\"wp-block-buttons fade-up is-content-justification-center is-layout-flex wp-container-core-buttons-is-layout-1 wp-block-buttons-is-layout-flex\">\n<div class=\"wp-block-button has-custom-font-size btn-xl has-xl-font-size\"><a class=\"wp-block-button__link has-primary-background-color has-background has-text-align-center wp-element-button\" href=\"https:\/\/www.tregroeswaffles.co.uk\/cy\/where-to-buy\/\" style=\"padding-top:var(--wp--preset--spacing--10);padding-right:var(--wp--preset--spacing--15);padding-bottom:var(--wp--preset--spacing--10);padding-left:var(--wp--preset--spacing--15)\">CANFOD CYFLENWR LLEOL<\/a><\/div>\n<\/div>\n<\/div>\n<\/div><\/div>\n\n\n\n<div class=\"wp-block-cover alignfull is-light has-custom-content-position is-position-bottom-center is-style-parallax-cover slide-reveal full-height\" style=\"padding-top:var(--wp--preset--spacing--35);padding-bottom:var(--wp--preset--spacing--35)\"><span aria-hidden=\"true\" class=\"wp-block-cover__background has-background-dim-0 has-background-dim\"><\/span><img loading=\"lazy\" decoding=\"async\" width=\"2000\" height=\"1333\" class=\"wp-block-cover__image-background wp-image-1414\" alt=\"\" src=\"https:\/\/www.tregroeswaffles.co.uk\/app\/uploads\/2024\/04\/co-op_pick-min.jpg\" data-object-fit=\"cover\" srcset=\"https:\/\/www.tregroeswaffles.co.uk\/app\/uploads\/2024\/04\/co-op_pick-min.jpg 2000w, https:\/\/www.tregroeswaffles.co.uk\/app\/uploads\/2024\/04\/co-op_pick-min-300x200.jpg 300w, https:\/\/www.tregroeswaffles.co.uk\/app\/uploads\/2024\/04\/co-op_pick-min-1024x682.jpg 1024w, https:\/\/www.tregroeswaffles.co.uk\/app\/uploads\/2024\/04\/co-op_pick-min-768x512.jpg 768w, https:\/\/www.tregroeswaffles.co.uk\/app\/uploads\/2024\/04\/co-op_pick-min-1536x1024.jpg 1536w, https:\/\/www.tregroeswaffles.co.uk\/app\/uploads\/2024\/04\/co-op_pick-min-600x400.jpg 600w\" sizes=\"(max-width: 2000px) 100vw, 2000px\" \/><div class=\"wp-block-cover__inner-container is-layout-constrained wp-container-core-cover-is-layout-6 wp-block-cover-is-layout-constrained\">\n<div class=\"wp-block-buttons has-custom-font-size fade-up has-xl-font-size is-content-justification-center is-layout-flex wp-container-core-buttons-is-layout-2 wp-block-buttons-is-layout-flex\">\n<div class=\"wp-block-button has-custom-font-size btn-xl has-xl-font-size\"><a class=\"wp-block-button__link has-text-color has-background has-link-color has-text-align-center wp-element-button\" href=\"https:\/\/www.tregroeswaffles.co.uk\/cy\/siop\/\" style=\"color:#ffffff;background-color:#d18c0ab5;padding-top:var(--wp--preset--spacing--10);padding-right:var(--wp--preset--spacing--25);padding-bottom:var(--wp--preset--spacing--10);padding-left:var(--wp--preset--spacing--25)\">SIOP<\/a><\/div>\n<\/div>\n<\/div><\/div>\n","protected":false},"excerpt":{"rendered":"","protected":false},"author":1,"featured_media":0,"parent":0,"menu_order":0,"comment_status":"closed","ping_status":"closed","template":"","meta":{"footnotes":""},"acf":[],"_links":{"self":[{"href":"https:\/\/www.tregroeswaffles.co.uk\/cy\/wp-json\/wp\/v2\/pages\/4887"}],"collection":[{"href":"https:\/\/www.tregroeswaffles.co.uk\/cy\/wp-json\/wp\/v2\/pages"}],"about":[{"href":"https:\/\/www.tregroeswaffles.co.uk\/cy\/wp-json\/wp\/v2\/types\/page"}],"author":[{"embeddable":true,"href":"https:\/\/www.tregroeswaffles.co.uk\/cy\/wp-json\/wp\/v2\/users\/1"}],"replies":[{"embeddable":true,"href":"https:\/\/www.tregroeswaffles.co.uk\/cy\/wp-json\/wp\/v2\/comments?post=4887"}],"version-history":[{"count":5,"href":"https:\/\/www.tregroeswaffles.co.uk\/cy\/wp-json\/wp\/v2\/pages\/4887\/revisions"}],"predecessor-version":[{"id":5047,"href":"https:\/\/www.tregroeswaffles.co.uk\/cy\/wp-json\/wp\/v2\/pages\/4887\/revisions\/5047"}],"wp:attachment":[{"href":"https:\/\/www.tregroeswaffles.co.uk\/cy\/wp-json\/wp\/v2\/media?parent=4887"}],"curies":[{"name":"wp","href":"https:\/\/api.w.org\/{rel}","templated":true}]}}